{"id":62,"date":"2023-05-22T17:22:52","date_gmt":"2023-05-22T17:22:52","guid":{"rendered":"https:\/\/aslop.es\/?page_id=62"},"modified":"2023-05-22T18:52:24","modified_gmt":"2023-05-22T18:52:24","slug":"inicio","status":"publish","type":"page","link":"https:\/\/aslop.es\/","title":{"rendered":"Inicio"},"content":{"rendered":"\n<h1 class=\"wp-block-heading has-text-align-center\">DEDICADOS A BRINDAR EL MEJOR SERVICIO INMOBILIARIO<\/h1>\n\n\n\n<p>ASLOP es una empresa familiar que fue fundada en 1984, desde esa fecha hasta hoy nos hemos convertido en un referente prestigioso del mercado inmobiliario. Nuestro estilo \u00daNICO y PROFESIONAL nos permite mantener el liderazgo en nuestra actividad, con una trayectoria basada en el profesionalismo. Estamos presentes en todo Madrid. Nos especializamos en servicios inmobiliarios y estamos en la b\u00fasqueda permanente de la excelencia, innovando y actualizando los procesos. Somos apasionados en lo que hacemos, y nuestro principal objetivo, es acompa\u00f1arte a cumplir los tuyos. CONTACTATE y coordinaremos una entrevista en tu propiedad. Asesorate con ASLOP. Consulta a TU inmobiliaria de siempre.<\/p>\n\n\n\n<div class=\"wp-block-columns is-layout-flex wp-container-core-columns-is-layout-1 wp-block-columns-is-layout-flex\">\n<div class=\"wp-block-column is-layout-flow wp-block-column-is-layout-flow\">\n<h1 class=\"wp-block-heading has-text-align-center\">+2403<\/h1>\n\n\n\n<p class=\"has-text-align-center\">Propiedades en comercializaci\u00f3n<\/p>\n<\/div>\n\n\n\n<div class=\"wp-block-column is-layout-flow wp-block-column-is-layout-flow\">\n<h1 class=\"wp-block-heading has-text-align-center\">+137859<\/h1>\n\n\n\n<p class=\"has-text-align-center\">Tasaciones realizadas<\/p>\n<\/div>\n\n\n\n<div class=\"wp-block-column is-layout-flow wp-block-column-is-layout-flow\">\n<h1 class=\"wp-block-heading has-text-align-center\">+954620<\/h1>\n\n\n\n<p class=\"has-text-align-center\">Metros cuadrados vendidos<\/p>\n<\/div>\n<\/div>\n\n\n\n<p><\/p>\n\n\n\n<h2 class=\"wp-block-heading has-text-align-center\">DESCUBR\u00cd NUESTROS SERVICIOS<\/h2>\n\n\n\n<p>Nuestra prioridad es responder siempre a las necesidades y aspiraciones de nuestros clientes, tanto particulares como empresas constructoras, realizando estrategias de comunicaciones exclusivas y personalizadas en:<br>&#8211; Redes Sociales (Instagram, Facebook, Whatsapp).<br>&#8211; Google Ads.<br>&#8211; Campa\u00f1as en portales Inmobiliarios l\u00edderes.<br>&#8211; Email Marketing con Base de Datos Propia de +250.000 Contactos.<br>&#8211; Tour Virtual 360.<br>&#8211; Servicio de Fotograf\u00eda Profesional.<br>&#8211; Renderizado 3d.<br>&#8211; Planos de Planta.<\/p>\n\n\n\n<h2 class=\"wp-block-heading has-text-align-center\">SOMOS UN EQUIPO PROFESIONAL MULTIDISCIPLINARIO ESPECIALISTAS EN SERVICIOS INMOBILIARIOS<\/h2>\n\n\n\n<figure class=\"wp-block-image alignwide size-large\"><img loading=\"lazy\" decoding=\"async\" width=\"1024\" height=\"683\" src=\"https:\/\/aslop.es\/wp-content\/uploads\/2023\/05\/agente-inmobiliario-1024x683.jpg\" alt=\"\" class=\"wp-image-5\" srcset=\"https:\/\/aslop.es\/wp-content\/uploads\/2023\/05\/agente-inmobiliario-1024x683.jpg 1024w, https:\/\/aslop.es\/wp-content\/uploads\/2023\/05\/agente-inmobiliario-300x200.jpg 300w, https:\/\/aslop.es\/wp-content\/uploads\/2023\/05\/agente-inmobiliario-768x512.jpg 768w, https:\/\/aslop.es\/wp-content\/uploads\/2023\/05\/agente-inmobiliario-1536x1024.jpg 1536w, https:\/\/aslop.es\/wp-content\/uploads\/2023\/05\/agente-inmobiliario-2048x1365.jpg 2048w, https:\/\/aslop.es\/wp-content\/uploads\/2023\/05\/agente-inmobiliario-421x281.jpg 421w\" sizes=\"(max-width: 1024px) 100vw, 1024px\" \/><\/figure>\n\n\n\n<h3 class=\"wp-block-heading has-text-align-center\"><strong>CONTAMOS CON UNA GRAN VARIEDAD DE SERVICIOS PROFESIONALES<\/strong><\/h3>\n\n\n\n<div class=\"wp-block-columns is-layout-flex wp-container-core-columns-is-layout-2 wp-block-columns-is-layout-flex\">\n<div class=\"wp-block-column is-layout-flow wp-block-column-is-layout-flow\"><div class=\"wp-block-image\">\n<figure class=\"aligncenter size-full\"><img loading=\"lazy\" decoding=\"async\" width=\"128\" height=\"128\" src=\"https:\/\/aslop.es\/wp-content\/uploads\/2023\/05\/home-1-1.png\" alt=\"\" class=\"wp-image-107\"\/><\/figure><\/div>\n\n\n<p><\/p>\n\n\n\n<p class=\"has-text-align-center\">Dto de Arquitectura<br>Seguimiento de Obra<br>Estudio de prefactibilidad<\/p>\n<\/div>\n\n\n\n<div class=\"wp-block-column is-layout-flow wp-block-column-is-layout-flow\"><div class=\"wp-block-image\">\n<figure class=\"aligncenter size-full\"><img loading=\"lazy\" decoding=\"async\" width=\"128\" height=\"128\" src=\"https:\/\/aslop.es\/wp-content\/uploads\/2023\/05\/legal-document.png\" alt=\"\" class=\"wp-image-110\"\/><\/figure><\/div>\n\n\n<p><\/p>\n\n\n\n<p class=\"has-text-align-center\">Asesor\u00eda Jur\u00eddica<br>Asesor\u00eda Contable<br>Asesor\u00eda Notarial<\/p>\n<\/div>\n\n\n\n<div class=\"wp-block-column is-layout-flow wp-block-column-is-layout-flow\"><div class=\"wp-block-image\">\n<figure class=\"aligncenter size-full\"><img loading=\"lazy\" decoding=\"async\" width=\"128\" height=\"128\" src=\"https:\/\/aslop.es\/wp-content\/uploads\/2023\/05\/key-chain-1.png\" alt=\"\" class=\"wp-image-111\"\/><\/figure><\/div>\n\n\n<p><\/p>\n\n\n\n<p class=\"has-text-align-center\">Administraci\u00f3n de alquileres<\/p>\n<\/div>\n<\/div>\n\n\n\n<figure class=\"wp-block-image alignwide size-large\"><img loading=\"lazy\" decoding=\"async\" width=\"1024\" height=\"679\" src=\"https:\/\/aslop.es\/wp-content\/uploads\/2023\/05\/casa-uzal-2-1024x679.png\" alt=\"\" class=\"wp-image-18\" srcset=\"https:\/\/aslop.es\/wp-content\/uploads\/2023\/05\/casa-uzal-2-1024x679.png 1024w, https:\/\/aslop.es\/wp-content\/uploads\/2023\/05\/casa-uzal-2-300x199.png 300w, https:\/\/aslop.es\/wp-content\/uploads\/2023\/05\/casa-uzal-2-768x509.png 768w, https:\/\/aslop.es\/wp-content\/uploads\/2023\/05\/casa-uzal-2-421x279.png 421w, https:\/\/aslop.es\/wp-content\/uploads\/2023\/05\/casa-uzal-2.png 1200w\" sizes=\"(max-width: 1024px) 100vw, 1024px\" \/><\/figure>\n\n\n\n<h1 class=\"wp-block-heading\">Buscamos constantemente facilitar<br>la experiencia de nuestros clientes.<\/h1>\n\n\n\n<div class=\"wp-block-columns is-layout-flex wp-container-core-columns-is-layout-3 wp-block-columns-is-layout-flex\">\n<div class=\"wp-block-column is-layout-flow wp-block-column-is-layout-flow\">\n<h3 class=\"wp-block-heading has-text-align-center\">1) Profesionales con experiencia<\/h3>\n\n\n\n<p class=\"has-text-align-center\">En todas nuestras \u00e1reas y especialmente a la hora de determinar el valor de un inmueble, el primer paso para una operaci\u00f3n exitosa y eficiente en tiempo y dinero.<\/p>\n<\/div>\n\n\n\n<div class=\"wp-block-column is-layout-flow wp-block-column-is-layout-flow\">\n<h3 class=\"wp-block-heading has-text-align-center\">2) Negociaciones ganadoras<\/h3>\n\n\n\n<p class=\"has-text-align-center\">Somos expertos en el arte de acercar a las partes. Cada reserva es un nuevo desaf\u00edo para lograr el \u00e9xito del negocio. Tenemos en cuenta todas las variables para asesorar seriamente a los clientes y alcanzar la satisfacci\u00f3n total.<\/p>\n<\/div>\n\n\n\n<div class=\"wp-block-column is-layout-flow wp-block-column-is-layout-flow\">\n<h3 class=\"wp-block-heading has-text-align-center\">3) Postventa<\/h3>\n\n\n\n<p class=\"has-text-align-center\">Vamos siempre m\u00e1s all\u00e1 acompa\u00f1ando a las partes en todo momento, dando soporte y asesoramiento hasta la firma de la escritura y posteriormente con el seguimiento de la entrega\/toma de posesi\u00f3n.<\/p>\n<\/div>\n<\/div>\n\n\n\n<figure class=\"wp-block-image alignwide size-large\"><img loading=\"lazy\" decoding=\"async\" width=\"1024\" height=\"683\" src=\"https:\/\/aslop.es\/wp-content\/uploads\/2023\/05\/vivienda-1024x683.jpg\" alt=\"\" class=\"wp-image-52\" srcset=\"https:\/\/aslop.es\/wp-content\/uploads\/2023\/05\/vivienda-1024x683.jpg 1024w, https:\/\/aslop.es\/wp-content\/uploads\/2023\/05\/vivienda-300x200.jpg 300w, https:\/\/aslop.es\/wp-content\/uploads\/2023\/05\/vivienda-768x512.jpg 768w, https:\/\/aslop.es\/wp-content\/uploads\/2023\/05\/vivienda-1536x1024.jpg 1536w, https:\/\/aslop.es\/wp-content\/uploads\/2023\/05\/vivienda-2048x1365.jpg 2048w, https:\/\/aslop.es\/wp-content\/uploads\/2023\/05\/vivienda-421x281.jpg 421w\" sizes=\"(max-width: 1024px) 100vw, 1024px\" \/><\/figure>\n","protected":false},"excerpt":{"rendered":"<p>DEDICADOS A BRINDAR EL MEJOR SERVICIO INMOBILIARIO ASLOP es una empresa familiar que fue fundada en 1984, desde esa fecha hasta hoy nos hemos convertido &hellip;<\/p>\n","protected":false},"author":1,"featured_media":0,"parent":0,"menu_order":0,"comment_status":"closed","ping_status":"closed","template":"","meta":{"footnotes":""},"_links":{"self":[{"href":"https:\/\/aslop.es\/index.php?rest_route=\/wp\/v2\/pages\/62"}],"collection":[{"href":"https:\/\/aslop.es\/index.php?rest_route=\/wp\/v2\/pages"}],"about":[{"href":"https:\/\/aslop.es\/index.php?rest_route=\/wp\/v2\/types\/page"}],"author":[{"embeddable":true,"href":"https:\/\/aslop.es\/index.php?rest_route=\/wp\/v2\/users\/1"}],"replies":[{"embeddable":true,"href":"https:\/\/aslop.es\/index.php?rest_route=%2Fwp%2Fv2%2Fcomments&post=62"}],"version-history":[{"count":9,"href":"https:\/\/aslop.es\/index.php?rest_route=\/wp\/v2\/pages\/62\/revisions"}],"predecessor-version":[{"id":118,"href":"https:\/\/aslop.es\/index.php?rest_route=\/wp\/v2\/pages\/62\/revisions\/118"}],"wp:attachment":[{"href":"https:\/\/aslop.es\/index.php?rest_route=%2Fwp%2Fv2%2Fmedia&parent=62"}],"curies":[{"name":"wp","href":"https:\/\/api.w.org\/{rel}","templated":true}]}}